{"id":38,"date":"2023-04-26T15:35:44","date_gmt":"2023-04-26T15:35:44","guid":{"rendered":"http:\/\/0jg.992.mytemp.website\/?page_id=38"},"modified":"2023-09-13T13:49:26","modified_gmt":"2023-09-13T13:49:26","slug":"sobre-nosotros","status":"publish","type":"page","link":"http:\/\/casacorroncui.es\/en\/sobre-nosotros\/","title":{"rendered":"About us"},"content":{"rendered":"<div data-elementor-type=\"wp-page\" data-elementor-id=\"38\" class=\"elementor elementor-38\" data-elementor-post-type=\"page\">\n\t\t\t\t\t\t<section class=\"elementor-section elementor-top-section elementor-element elementor-element-192fa66 elementor-section-height-min-height elementor-section-full_width elementor-section-height-default elementor-section-items-middle\" data-id=\"192fa66\" data-element_type=\"section\" data-e-type=\"section\">\n\t\t\t\t\t\t<div class=\"elementor-container elementor-column-gap-default\">\n\t\t\t\t\t<div class=\"elementor-column elementor-col-100 elementor-top-column elementor-element elementor-element-099b1fd\" data-id=\"099b1fd\" data-element_type=\"column\" data-e-type=\"column\">\n\t\t\t<div class=\"elementor-widget-wrap elementor-element-populated\">\n\t\t\t\t\t\t<div class=\"elementor-element elementor-element-045bf4b elementor-widget elementor-widget-heading\" data-id=\"045bf4b\" data-element_type=\"widget\" data-e-type=\"widget\" data-widget_type=\"heading.default\">\n\t\t\t\t<div class=\"elementor-widget-container\">\n\t\t\t\t\t<h1 class=\"elementor-heading-title elementor-size-default\">Nosotros<\/h1>\t\t\t\t<\/div>\n\t\t\t\t<\/div>\n\t\t\t\t<div class=\"elementor-element elementor-element-ef0d84c elementor-widget elementor-widget-text-editor\" data-id=\"ef0d84c\" data-element_type=\"widget\" data-e-type=\"widget\" data-widget_type=\"text-editor.default\">\n\t\t\t\t<div class=\"elementor-widget-container\">\n\t\t\t\t\t\t\t\t\t<p>Casa Corroncui esta ubicada en Pessonada, un peque\u00f1o y encantador pueblo en el coraz\u00f3n del Pallars Juss\u00e0, una comarca de la provincia de Lleida, en Catalu\u00f1a.\u00a0<\/p><p>Nuestra historia comenz\u00f3 hace unos a\u00f1os cuando Josep Antoni decidi\u00f3 abrir las puertas de esta hermosa propiedad.<\/p><p>Esta construida de piedra, datada del siglo XVI, ha sido restaurada para ofrecer la mejor experiencia a los amantes de la naturaleza y la tranquilidad, una forma \u00fanica de desconectar de la vida urbana y relajarse en un entrono rural id\u00edlico.<\/p><p>Apasionados por la hospitalidad y la conservaci\u00f3n de la cultura local, hemos trabajado incansablemente para crear un espacio donde nuestros hu\u00e9spedes puedan experimentar la autenticidad de la vida rural sin renunciar a las comodidades modernas.<\/p><p>En Casa Corroncui cada rinc\u00f3n cuenta una historia. Nuestra casa refleja la tradici\u00f3n local y la comodidad contempor\u00e1nea.<\/p><p>Josep Antoni est\u00e1 dedicado a hacer que su estancia sea inolvidable. Desde darle la bienvenida hasta ofrecerle consejos sobre las mejores actividades y excursiones en la zona, estamos aqu\u00ed para hacer que su visita sea especial. Ya sea que est\u00e9 buscando un refugio tranquilo para relajarse y desconectar o aventurarse en emocionantes exploraciones al aire libre, Casa Corroncui es el lugar perfecto para descubrirlo.<\/p><p>Explora los senderos que serpentean por nuestros bosques, saborea la deliciosa cocina regional en los restaurantes de la zona y despierta cada ma\u00f1ana con la melod\u00eda de los p\u00e1jaros. Casa Corronuci es m\u00e1s que un destino, es una experiencia.<\/p><p>\u00a1Le esperamos con los brazos abiertos!<\/p><p>\u00a0<\/p><p>\u00a0<\/p>\t\t\t\t\t\t\t\t<\/div>\n\t\t\t\t<\/div>\n\t\t\t\t\t<\/div>\n\t\t<\/div>\n\t\t\t\t\t<\/div>\n\t\t<\/section>\n\t\t\t\t<\/div>","protected":false},"excerpt":{"rendered":"<p>Nosotros Casa Corroncui esta ubicada en Pessonada, un peque\u00f1o y encantador pueblo en el coraz\u00f3n del Pallars Juss\u00e0, una comarca de la provincia de Lleida, en Catalu\u00f1a.\u00a0 Nuestra historia comenz\u00f3 hace unos a\u00f1os cuando Josep Antoni decidi\u00f3 abrir las puertas de esta hermosa propiedad. Esta construida de piedra, datada del siglo XVI, ha sido restaurada [&hellip;]<\/p>","protected":false},"author":1,"featured_media":0,"parent":0,"menu_order":0,"comment_status":"closed","ping_status":"closed","template":"elementor_header_footer","meta":{"_joinchat":[],"footnotes":""},"class_list":["post-38","page","type-page","status-publish","hentry"],"yoast_head":"<!-- This site is optimized with the Yoast SEO plugin v26.7 - https:\/\/yoast.com\/wordpress\/plugins\/seo\/ -->\n<title>Sobre nosotros - Casa Corroncui<\/title>\n<meta name=\"robots\" content=\"index, follow, max-snippet:-1, max-image-preview:large, max-video-preview:-1\" \/>\n<link rel=\"canonical\" href=\"https:\/\/casacorroncui.es\/en\/sobre-nosotros\/\" \/>\n<meta property=\"og:locale\" content=\"en_GB\" \/>\n<meta property=\"og:type\" content=\"article\" \/>\n<meta property=\"og:title\" content=\"Sobre nosotros - Casa Corroncui\" \/>\n<meta property=\"og:description\" content=\"Nosotros Casa Corroncui esta ubicada en Pessonada, un peque\u00f1o y encantador pueblo en el coraz\u00f3n del Pallars Juss\u00e0, una comarca de la provincia de Lleida, en Catalu\u00f1a.\u00a0 Nuestra historia comenz\u00f3 hace unos a\u00f1os cuando Josep Antoni decidi\u00f3 abrir las puertas de esta hermosa propiedad. Esta construida de piedra, datada del siglo XVI, ha sido restaurada [&hellip;]\" \/>\n<meta property=\"og:url\" content=\"https:\/\/casacorroncui.es\/en\/sobre-nosotros\/\" \/>\n<meta property=\"og:site_name\" content=\"Casa Corroncui\" \/>\n<meta property=\"article:modified_time\" content=\"2023-09-13T13:49:26+00:00\" \/>\n<meta name=\"twitter:card\" content=\"summary_large_image\" \/>\n<meta name=\"twitter:label1\" content=\"Estimated reading time\" \/>\n\t<meta name=\"twitter:data1\" content=\"2 minutes\" \/>\n<script type=\"application\/ld+json\" class=\"yoast-schema-graph\">{\"@context\":\"https:\/\/schema.org\",\"@graph\":[{\"@type\":\"WebPage\",\"@id\":\"https:\/\/casacorroncui.es\/sobre-nosotros\/\",\"url\":\"https:\/\/casacorroncui.es\/sobre-nosotros\/\",\"name\":\"Sobre nosotros - Casa Corroncui\",\"isPartOf\":{\"@id\":\"https:\/\/casacorroncui.es\/#website\"},\"datePublished\":\"2023-04-26T15:35:44+00:00\",\"dateModified\":\"2023-09-13T13:49:26+00:00\",\"breadcrumb\":{\"@id\":\"https:\/\/casacorroncui.es\/sobre-nosotros\/#breadcrumb\"},\"inLanguage\":\"en-GB\",\"potentialAction\":[{\"@type\":\"ReadAction\",\"target\":[\"https:\/\/casacorroncui.es\/sobre-nosotros\/\"]}]},{\"@type\":\"BreadcrumbList\",\"@id\":\"https:\/\/casacorroncui.es\/sobre-nosotros\/#breadcrumb\",\"itemListElement\":[{\"@type\":\"ListItem\",\"position\":1,\"name\":\"Home\",\"item\":\"https:\/\/casacorroncui.es\/\"},{\"@type\":\"ListItem\",\"position\":2,\"name\":\"Sobre nosotros\"}]},{\"@type\":\"WebSite\",\"@id\":\"https:\/\/casacorroncui.es\/#website\",\"url\":\"https:\/\/casacorroncui.es\/\",\"name\":\"Casa Corroncui\",\"description\":\"Casa rural en Pallas Juss&agrave;. Hermosa, acogedora, perfecta para relajarse. &iexcl;Disfruta de la tranquilidad y la naturaleza!\",\"potentialAction\":[{\"@type\":\"SearchAction\",\"target\":{\"@type\":\"EntryPoint\",\"urlTemplate\":\"https:\/\/casacorroncui.es\/?s={search_term_string}\"},\"query-input\":{\"@type\":\"PropertyValueSpecification\",\"valueRequired\":true,\"valueName\":\"search_term_string\"}}],\"inLanguage\":\"en-GB\"}]}<\/script>\n<!-- \/ Yoast SEO plugin. -->","yoast_head_json":{"title":"Sobre nosotros - Casa Corroncui","robots":{"index":"index","follow":"follow","max-snippet":"max-snippet:-1","max-image-preview":"max-image-preview:large","max-video-preview":"max-video-preview:-1"},"canonical":"https:\/\/casacorroncui.es\/en\/sobre-nosotros\/","og_locale":"en_GB","og_type":"article","og_title":"Sobre nosotros - Casa Corroncui","og_description":"Nosotros Casa Corroncui esta ubicada en Pessonada, un peque\u00f1o y encantador pueblo en el coraz\u00f3n del Pallars Juss\u00e0, una comarca de la provincia de Lleida, en Catalu\u00f1a.\u00a0 Nuestra historia comenz\u00f3 hace unos a\u00f1os cuando Josep Antoni decidi\u00f3 abrir las puertas de esta hermosa propiedad. Esta construida de piedra, datada del siglo XVI, ha sido restaurada [&hellip;]","og_url":"https:\/\/casacorroncui.es\/en\/sobre-nosotros\/","og_site_name":"Casa Corroncui","article_modified_time":"2023-09-13T13:49:26+00:00","twitter_card":"summary_large_image","twitter_misc":{"Estimated reading time":"2 minutes"},"schema":{"@context":"https:\/\/schema.org","@graph":[{"@type":"WebPage","@id":"https:\/\/casacorroncui.es\/sobre-nosotros\/","url":"https:\/\/casacorroncui.es\/sobre-nosotros\/","name":"Sobre nosotros - Casa Corroncui","isPartOf":{"@id":"https:\/\/casacorroncui.es\/#website"},"datePublished":"2023-04-26T15:35:44+00:00","dateModified":"2023-09-13T13:49:26+00:00","breadcrumb":{"@id":"https:\/\/casacorroncui.es\/sobre-nosotros\/#breadcrumb"},"inLanguage":"en-GB","potentialAction":[{"@type":"ReadAction","target":["https:\/\/casacorroncui.es\/sobre-nosotros\/"]}]},{"@type":"BreadcrumbList","@id":"https:\/\/casacorroncui.es\/sobre-nosotros\/#breadcrumb","itemListElement":[{"@type":"ListItem","position":1,"name":"Home","item":"https:\/\/casacorroncui.es\/"},{"@type":"ListItem","position":2,"name":"Sobre nosotros"}]},{"@type":"WebSite","@id":"https:\/\/casacorroncui.es\/#website","url":"https:\/\/casacorroncui.es\/","name":"Casa Corroncui","description":"Casa rural en Pallas Juss&agrave;. Hermosa, acogedora, perfecta para relajarse. &iexcl;Disfruta de la tranquilidad y la naturaleza!","potentialAction":[{"@type":"SearchAction","target":{"@type":"EntryPoint","urlTemplate":"https:\/\/casacorroncui.es\/?s={search_term_string}"},"query-input":{"@type":"PropertyValueSpecification","valueRequired":true,"valueName":"search_term_string"}}],"inLanguage":"en-GB"}]}},"_links":{"self":[{"href":"http:\/\/casacorroncui.es\/en\/wp-json\/wp\/v2\/pages\/38","targetHints":{"allow":["GET"]}}],"collection":[{"href":"http:\/\/casacorroncui.es\/en\/wp-json\/wp\/v2\/pages"}],"about":[{"href":"http:\/\/casacorroncui.es\/en\/wp-json\/wp\/v2\/types\/page"}],"author":[{"embeddable":true,"href":"http:\/\/casacorroncui.es\/en\/wp-json\/wp\/v2\/users\/1"}],"replies":[{"embeddable":true,"href":"http:\/\/casacorroncui.es\/en\/wp-json\/wp\/v2\/comments?post=38"}],"version-history":[{"count":25,"href":"http:\/\/casacorroncui.es\/en\/wp-json\/wp\/v2\/pages\/38\/revisions"}],"predecessor-version":[{"id":1853,"href":"http:\/\/casacorroncui.es\/en\/wp-json\/wp\/v2\/pages\/38\/revisions\/1853"}],"wp:attachment":[{"href":"http:\/\/casacorroncui.es\/en\/wp-json\/wp\/v2\/media?parent=38"}],"curies":[{"name":"wp","href":"https:\/\/api.w.org\/{rel}","templated":true}]}}